{"id":1136,"date":"2013-03-31T13:27:25","date_gmt":"2013-03-31T13:27:25","guid":{"rendered":"https:\/\/eratostene.vialattea.net\/wpe\/2013\/03\/31\/elongazione\/"},"modified":"2020-12-11T13:24:43","modified_gmt":"2020-12-11T12:24:43","slug":"elongazione","status":"publish","type":"page","link":"https:\/\/eratostene.vialattea.net\/wpe\/glossario\/elongazione\/","title":{"rendered":"Elongazione"},"content":{"rendered":"\n<div class=\"wp-block-media-text alignwide is-stacked-on-mobile is-style-default\" style=\"grid-template-columns:43% auto\"><figure class=\"wp-block-media-text__media\"><a href=\"https:\/\/eratostene.vialattea.net\/wpe\/wp-content\/uploads\/2013\/03\/elongazione.png\"><img loading=\"lazy\" decoding=\"async\" width=\"800\" height=\"720\" src=\"https:\/\/eratostene.vialattea.net\/wpe\/wp-content\/uploads\/2013\/03\/elongazione.png\" alt=\"elongazione\" class=\"wp-image-1135 size-full\" srcset=\"https:\/\/eratostene.vialattea.net\/wpe\/wp-content\/uploads\/2013\/03\/elongazione.png 800w, https:\/\/eratostene.vialattea.net\/wpe\/wp-content\/uploads\/2013\/03\/elongazione-300x270.png 300w, https:\/\/eratostene.vialattea.net\/wpe\/wp-content\/uploads\/2013\/03\/elongazione-768x691.png 768w\" sizes=\"auto, (max-width: 800px) 100vw, 800px\" \/><\/a><\/figure><div class=\"wp-block-media-text__content\">\n<p>L&#8217;<strong>elongazione in longitudine<\/strong> di un pianeta \u00e8 la differenza tra la sua <a href=\"https:\/\/eratostene.vialattea.net\/wpe\/glossario\/longitudine-celeste-o-di-eclittica\/\">longitudine celeste<\/a> e quella del Sole. L&#8217;elongazione pu\u00f2 essere <strong>orientale<\/strong> (se il pianeta \u00e8 a est del Sole) oppure <strong>occidentale<\/strong> (se si trova a ovest). <\/p>\n\n\n\n<p>Qui a fianco \u00e8 disegnato in verde in l&#8217;angolo di elongazione occidentale di Marte. Lo schema \u00e8 semplificato: le orbite sono circolari e complanari; si immagina l&#8217;osservatore posto al <a href=\"https:\/\/eratostene.vialattea.net\/wpe\/glossario\/poli-dell-eclittica\/\" data-type=\"page\" data-id=\"1194\">polo nord dell&#8217;eclittica<\/a>.<\/p>\n<\/div><\/div>\n\n\n\n<p class=\"has-text-align-center has-small-font-size\">~~~<a href=\"https:\/\/eratostene.vialattea.net\/wpe\/glossario\/\">GLOSSARIO<\/a>~~~<\/p>\n","protected":false},"excerpt":{"rendered":"<p>L&#8217;elongazione in longitudine di un pianeta \u00e8 la differenza tra la sua longitudine celeste e quella del Sole. L&#8217;elongazione pu\u00f2 essere orientale (se il pianeta \u00e8 a est del Sole) oppure occidentale (se si trova a ovest). Qui a fianco<\/p>\n","protected":false},"author":1,"featured_media":0,"parent":2019,"menu_order":66,"comment_status":"open","ping_status":"open","template":"","meta":{"_coblocks_attr":"","_coblocks_dimensions":"","_coblocks_responsive_height":"","_coblocks_accordion_ie_support":"","_uag_custom_page_level_css":"","footnotes":""},"class_list":["post-1136","page","type-page","status-publish","hentry"],"uagb_featured_image_src":{"full":false,"thumbnail":false,"medium":false,"medium_large":false,"large":false,"1536x1536":false,"2048x2048":false,"featured-blog-large":false,"featured-blog-medium":false,"featured":false,"featured-blog-medium-small":false,"rpwe-thumbnail":false},"uagb_author_info":{"display_name":"adminwperatostene","author_link":"https:\/\/eratostene.vialattea.net\/wpe\/author\/adminwperatostene\/"},"uagb_comment_info":0,"uagb_excerpt":"L&#8217;elongazione in longitudine di un pianeta \u00e8 la differenza tra la sua longitudine celeste e quella del Sole. L&#8217;elongazione pu\u00f2 essere orientale (se il pianeta \u00e8 a est del Sole) oppure occidentale (se si trova a ovest). Qui a fianco","_links":{"self":[{"href":"https:\/\/eratostene.vialattea.net\/wpe\/wp-json\/wp\/v2\/pages\/1136","targetHints":{"allow":["GET"]}}],"collection":[{"href":"https:\/\/eratostene.vialattea.net\/wpe\/wp-json\/wp\/v2\/pages"}],"about":[{"href":"https:\/\/eratostene.vialattea.net\/wpe\/wp-json\/wp\/v2\/types\/page"}],"author":[{"embeddable":true,"href":"https:\/\/eratostene.vialattea.net\/wpe\/wp-json\/wp\/v2\/users\/1"}],"replies":[{"embeddable":true,"href":"https:\/\/eratostene.vialattea.net\/wpe\/wp-json\/wp\/v2\/comments?post=1136"}],"version-history":[{"count":9,"href":"https:\/\/eratostene.vialattea.net\/wpe\/wp-json\/wp\/v2\/pages\/1136\/revisions"}],"predecessor-version":[{"id":6933,"href":"https:\/\/eratostene.vialattea.net\/wpe\/wp-json\/wp\/v2\/pages\/1136\/revisions\/6933"}],"up":[{"embeddable":true,"href":"https:\/\/eratostene.vialattea.net\/wpe\/wp-json\/wp\/v2\/pages\/2019"}],"wp:attachment":[{"href":"https:\/\/eratostene.vialattea.net\/wpe\/wp-json\/wp\/v2\/media?parent=1136"}],"curies":[{"name":"wp","href":"https:\/\/api.w.org\/{rel}","templated":true}]}}