{"id":1138,"date":"2013-03-31T13:33:22","date_gmt":"2013-03-31T13:33:22","guid":{"rendered":"https:\/\/eratostene.vialattea.net\/wpe\/2013\/03\/31\/congiunzione-in-longitudine-o-congiunzione-eclittica\/"},"modified":"2020-12-11T11:44:57","modified_gmt":"2020-12-11T10:44:57","slug":"congiunzione-in-longitudine-o-congiunzione-eclittica","status":"publish","type":"page","link":"https:\/\/eratostene.vialattea.net\/wpe\/glossario\/congiunzione-in-longitudine-o-congiunzione-eclittica\/","title":{"rendered":"Congiunzione in longitudine o congiunzione eclittica"},"content":{"rendered":"\n<p>Due astri si trovano in <strong>congiunzione in longitudine<\/strong> (o <strong>congiunzione eclittica<\/strong>) se hanno la stessa <a href=\"https:\/\/eratostene.vialattea.net\/wpe\/glossario\/longitudine-celeste-o-di-eclittica\/\" data-type=\"page\" data-id=\"1131\">longitudine celeste<\/a> (<a href=\"https:\/\/eratostene.vialattea.net\/wpe\/glossario\/elongazione\/\" data-type=\"page\" data-id=\"1136\">elongazione<\/a> nulla). Ci\u00f2 significa che si trovano sullo stesso <a href=\"https:\/\/eratostene.vialattea.net\/wpe\/glossario\/meridiano-di-eclittica\/\" data-type=\"page\" data-id=\"1124\">meridiano di eclittica<\/a>. Normalmente questa espressione si usa per un pianeta (o per la Luna) rispetto al Sole ed \u00e8 il momento in cui esso \u00e8 alla minima <a href=\"https:\/\/eratostene.vialattea.net\/wpe\/glossario\/distanza-angolare\/\" data-type=\"page\" data-id=\"2187\">distanza angolare<\/a> dal Sole e la sua visibilit\u00e0 \u00e8 nulla.<\/p>\n\n\n\n<div class=\"wp-block-media-text alignwide has-media-on-the-right is-stacked-on-mobile is-style-default\" style=\"grid-template-columns:auto 39%\"><figure class=\"wp-block-media-text__media\"><a href=\"https:\/\/eratostene.vialattea.net\/wpe\/wp-content\/uploads\/2013\/03\/congiunzione.png\"><img loading=\"lazy\" decoding=\"async\" width=\"787\" height=\"800\" src=\"https:\/\/eratostene.vialattea.net\/wpe\/wp-content\/uploads\/2013\/03\/congiunzione.png\" alt=\"congiunzione\" class=\"wp-image-1137 size-full\" srcset=\"https:\/\/eratostene.vialattea.net\/wpe\/wp-content\/uploads\/2013\/03\/congiunzione.png 787w, https:\/\/eratostene.vialattea.net\/wpe\/wp-content\/uploads\/2013\/03\/congiunzione-295x300.png 295w, https:\/\/eratostene.vialattea.net\/wpe\/wp-content\/uploads\/2013\/03\/congiunzione-768x781.png 768w\" sizes=\"auto, (max-width: 787px) 100vw, 787px\" \/><\/a><\/figure><div class=\"wp-block-media-text__content\">\n<p>In questa immagine si rappresenta la congiunzione tra Marte e il Sole in forma semplificata (infatti le orbite della Terra e di Marte sono rappresentate come circolari e complanari). Il punto di vista \u00e8 quello di un osservatore che si trova sul <a href=\"https:\/\/eratostene.vialattea.net\/wpe\/glossario\/poli-dell-eclittica\/\" data-type=\"page\" data-id=\"1194\">polo dell&#8217;eclittica<\/a>.<\/p>\n<\/div><\/div>\n\n\n\n<p>La congiunzione non \u00e8 necessariamente un <em>allineamento<\/em> perch\u00e9 i due corpi non hanno necessariamente la stessa  <a href=\"https:\/\/eratostene.vialattea.net\/wpe\/glossario\/latitudine-celeste-o-latitudine-di-eclittica\/\">latitudine celeste<\/a>. Ad esempio, la Luna e il Sole sono in congiunzione eclittica in media ogni $29$ giorni circa al novilunio ma gli allineamenti che producono le eclissi sono molto pi\u00f9 rari perch\u00e9 l&#8217;orbita della Luna \u00e8 inclinata di $5^\\circ\\!9&#8217;$ rispetto all&#8217;<a href=\"https:\/\/eratostene.vialattea.net\/wpe\/glossario\/eclittica\/\" data-type=\"page\" data-id=\"1102\">eclittica<\/a>.<\/p>\n\n\n\n<p class=\"has-text-align-center has-small-font-size\">~~~<a href=\"https:\/\/eratostene.vialattea.net\/wpe\/glossario\/\">GLOSSARIO<\/a>~~~<\/p>\n","protected":false},"excerpt":{"rendered":"<p>Due astri si trovano in congiunzione in longitudine (o congiunzione eclittica) se hanno la stessa longitudine celeste (elongazione nulla). Ci\u00f2 significa che si trovano sullo stesso meridiano di eclittica. Normalmente questa espressione si usa per un pianeta (o per la<\/p>\n","protected":false},"author":1,"featured_media":0,"parent":2019,"menu_order":64,"comment_status":"open","ping_status":"open","template":"","meta":{"_coblocks_attr":"","_coblocks_dimensions":"","_coblocks_responsive_height":"","_coblocks_accordion_ie_support":"","_uag_custom_page_level_css":"","footnotes":""},"class_list":["post-1138","page","type-page","status-publish","hentry"],"uagb_featured_image_src":{"full":false,"thumbnail":false,"medium":false,"medium_large":false,"large":false,"1536x1536":false,"2048x2048":false,"featured-blog-large":false,"featured-blog-medium":false,"featured":false,"featured-blog-medium-small":false,"rpwe-thumbnail":false},"uagb_author_info":{"display_name":"adminwperatostene","author_link":"https:\/\/eratostene.vialattea.net\/wpe\/author\/adminwperatostene\/"},"uagb_comment_info":0,"uagb_excerpt":"Due astri si trovano in congiunzione in longitudine (o congiunzione eclittica) se hanno la stessa longitudine celeste (elongazione nulla). Ci\u00f2 significa che si trovano sullo stesso meridiano di eclittica. Normalmente questa espressione si usa per un pianeta (o per la","_links":{"self":[{"href":"https:\/\/eratostene.vialattea.net\/wpe\/wp-json\/wp\/v2\/pages\/1138","targetHints":{"allow":["GET"]}}],"collection":[{"href":"https:\/\/eratostene.vialattea.net\/wpe\/wp-json\/wp\/v2\/pages"}],"about":[{"href":"https:\/\/eratostene.vialattea.net\/wpe\/wp-json\/wp\/v2\/types\/page"}],"author":[{"embeddable":true,"href":"https:\/\/eratostene.vialattea.net\/wpe\/wp-json\/wp\/v2\/users\/1"}],"replies":[{"embeddable":true,"href":"https:\/\/eratostene.vialattea.net\/wpe\/wp-json\/wp\/v2\/comments?post=1138"}],"version-history":[{"count":8,"href":"https:\/\/eratostene.vialattea.net\/wpe\/wp-json\/wp\/v2\/pages\/1138\/revisions"}],"predecessor-version":[{"id":6904,"href":"https:\/\/eratostene.vialattea.net\/wpe\/wp-json\/wp\/v2\/pages\/1138\/revisions\/6904"}],"up":[{"embeddable":true,"href":"https:\/\/eratostene.vialattea.net\/wpe\/wp-json\/wp\/v2\/pages\/2019"}],"wp:attachment":[{"href":"https:\/\/eratostene.vialattea.net\/wpe\/wp-json\/wp\/v2\/media?parent=1138"}],"curies":[{"name":"wp","href":"https:\/\/api.w.org\/{rel}","templated":true}]}}