{"id":12878,"date":"2021-04-01T18:17:38","date_gmt":"2021-04-01T16:17:38","guid":{"rendered":"https:\/\/eratostene.vialattea.net\/wpe\/?page_id=12878"},"modified":"2021-04-01T18:17:40","modified_gmt":"2021-04-01T16:17:40","slug":"mese-anomalistico","status":"publish","type":"page","link":"https:\/\/eratostene.vialattea.net\/wpe\/glossario\/mese-anomalistico\/","title":{"rendered":"Mese anomalistico"},"content":{"rendered":"\n<p>Chiamato anche <strong>rivoluzione anomalistica<\/strong>, \u00e8 l&#8217;intervallo di tempo che intercorre tra due passaggi consecutivi della Luna al <a href=\"https:\/\/eratostene.vialattea.net\/wpe\/glossario\/perigeo\/\" data-type=\"page\" data-id=\"2030\">perigeo<\/a>, cio\u00e8 al punto dell&#8217;orbita pi\u00f9 vicino alla Terra. La sua durata \u00e8:<\/p>\n\n\n\n<p>$$27^d13^h18^m33.1^s$$<\/p>\n\n\n\n<p>Vedi: <a href=\"https:\/\/eratostene.vialattea.net\/wpe\/argomenti\/luna\/i-mesi-lunari\/\" data-type=\"page\" data-id=\"12764\">I mesi lunari<\/a><\/p>\n\n\n\n<p class=\"has-text-align-center has-small-font-size\">~~~<a href=\"https:\/\/eratostene.vialattea.net\/wpe\/glossario\/\">GLOSSARIO<\/a>~~~<\/p>\n","protected":false},"excerpt":{"rendered":"<p>Chiamato anche rivoluzione anomalistica, \u00e8 l&#8217;intervallo di tempo che intercorre tra due passaggi consecutivi della Luna al perigeo, cio\u00e8 al punto dell&#8217;orbita pi\u00f9 vicino alla Terra. La sua durata \u00e8: $$27^d13^h18^m33.1^s$$ Vedi: I mesi lunari ~~~GLOSSARIO~~~<\/p>\n","protected":false},"author":1,"featured_media":0,"parent":2019,"menu_order":0,"comment_status":"closed","ping_status":"closed","template":"","meta":{"_coblocks_attr":"","_coblocks_dimensions":"","_coblocks_responsive_height":"","_coblocks_accordion_ie_support":"","_uag_custom_page_level_css":"","footnotes":""},"class_list":["post-12878","page","type-page","status-publish","hentry"],"uagb_featured_image_src":{"full":false,"thumbnail":false,"medium":false,"medium_large":false,"large":false,"1536x1536":false,"2048x2048":false,"featured-blog-large":false,"featured-blog-medium":false,"featured":false,"featured-blog-medium-small":false,"rpwe-thumbnail":false},"uagb_author_info":{"display_name":"adminwperatostene","author_link":"https:\/\/eratostene.vialattea.net\/wpe\/author\/adminwperatostene\/"},"uagb_comment_info":0,"uagb_excerpt":"Chiamato anche rivoluzione anomalistica, \u00e8 l&#8217;intervallo di tempo che intercorre tra due passaggi consecutivi della Luna al perigeo, cio\u00e8 al punto dell&#8217;orbita pi\u00f9 vicino alla Terra. La sua durata \u00e8: $$27^d13^h18^m33.1^s$$ Vedi: I mesi lunari ~~~GLOSSARIO~~~","_links":{"self":[{"href":"https:\/\/eratostene.vialattea.net\/wpe\/wp-json\/wp\/v2\/pages\/12878","targetHints":{"allow":["GET"]}}],"collection":[{"href":"https:\/\/eratostene.vialattea.net\/wpe\/wp-json\/wp\/v2\/pages"}],"about":[{"href":"https:\/\/eratostene.vialattea.net\/wpe\/wp-json\/wp\/v2\/types\/page"}],"author":[{"embeddable":true,"href":"https:\/\/eratostene.vialattea.net\/wpe\/wp-json\/wp\/v2\/users\/1"}],"replies":[{"embeddable":true,"href":"https:\/\/eratostene.vialattea.net\/wpe\/wp-json\/wp\/v2\/comments?post=12878"}],"version-history":[{"count":1,"href":"https:\/\/eratostene.vialattea.net\/wpe\/wp-json\/wp\/v2\/pages\/12878\/revisions"}],"predecessor-version":[{"id":12879,"href":"https:\/\/eratostene.vialattea.net\/wpe\/wp-json\/wp\/v2\/pages\/12878\/revisions\/12879"}],"up":[{"embeddable":true,"href":"https:\/\/eratostene.vialattea.net\/wpe\/wp-json\/wp\/v2\/pages\/2019"}],"wp:attachment":[{"href":"https:\/\/eratostene.vialattea.net\/wpe\/wp-json\/wp\/v2\/media?parent=12878"}],"curies":[{"name":"wp","href":"https:\/\/api.w.org\/{rel}","templated":true}]}}