{"id":13010,"date":"2021-04-03T20:10:55","date_gmt":"2021-04-03T18:10:55","guid":{"rendered":"https:\/\/eratostene.vialattea.net\/wpe\/?page_id=13010"},"modified":"2021-07-26T19:21:34","modified_gmt":"2021-07-26T17:21:34","slug":"saros-e-il-ciclo-di-metone","status":"publish","type":"page","link":"https:\/\/eratostene.vialattea.net\/wpe\/argomenti\/luna\/eclissi\/saros-e-il-ciclo-di-metone\/","title":{"rendered":"Saros e il ciclo di Metone"},"content":{"rendered":"\n<p>L&#8217;evento di una particolare eclisse si riproduce ogni volta che la Terra, la Luna e il Sole si ritrovano nelle stesse posizioni relative. Ci\u00f2 accade ad intervalli di tempo approssimativamente uguali. Le condizioni che determinano l&#8217;allineamento sono: <\/p>\n\n\n\n<ol class=\"wp-block-list\"><li>il verificarsi delle <a href=\"https:\/\/eratostene.vialattea.net\/wpe\/glossario\/sizigia\/\" data-type=\"page\" data-id=\"12754\">sizigie<\/a> legate alla <a href=\"https:\/\/eratostene.vialattea.net\/wpe\/argomenti\/luna\/i-mesi-lunari\/\" data-type=\"page\" data-id=\"12764\">rivoluzione sinodica<\/a>,<\/li><li>i passaggi delle della Luna ai nodi ascendente e discendente,  determinati dalla <a href=\"https:\/\/eratostene.vialattea.net\/wpe\/argomenti\/luna\/i-mesi-lunari\/\" data-type=\"page\" data-id=\"12764\">rivoluzione draconitica<\/a>,<\/li><li>le posizioni della Luna nella sua orbita rispetto al perigeo e all&#8217;apogeo, legate alla <a href=\"https:\/\/eratostene.vialattea.net\/wpe\/argomenti\/luna\/i-mesi-lunari\/\" data-type=\"page\" data-id=\"12764\">rivoluzione anomalistica<\/a>.<\/li><\/ol>\n\n\n\n<p>Le prime due condizioni determinano il verificarsi delle eclissi, mentre l&#8217;ultima caratterizza le distanze relative dei i tre corpi celesti ad ogni evento e decide ad esempio se un&#8217;eclisse di Sole sar\u00e0 anulare o totale.<\/p>\n\n\n\n<p>Un tipico problemino matematico ci aiuter\u00e0 a capire l&#8217;approccio da tenere per affrontare il problema dei periodi lunari. Tre automobilisti percorrono un circuito a tre diverse velocit\u00e0: il primo completa il circuito in 10 minuti, il secondo in 12 e il terzo in 15 minuti. Se partono assieme, dopo quanto tempo di incontreranno di nuovo? Il problema \u00e8 facilmente risolvibile calcolando il pi\u00f9 piccolo tra tutti i multipli comuni ai tre numeri, cio\u00e8 il loro <em>minimo comune multipo<\/em>, un&#8217;operazione che in linguaggio matematico \u00e8 indicata con <em>m.c.m.<\/em>. In questo caso  $m.c.m._{(10,12,15)}=60$. Infatti, in $60$ minuti il primo pilota effettuer\u00e0 $6$ giri esatti, il secondo $5$ giri e il terzo $4$ giri, ritrovandosi al punto di partenza nella stessa posizione.<\/p>\n\n\n\n<p>Nel caso della Luna, immaginiamo come punto di partenza una certa eclisse in cui i tre corpi celesti sono allineati con la Luna piena o nuova in uno dei nodi e ad una certa distanza dalla Terra. I tre corpi si ritroveranno nelle stesse condizioni:<\/p>\n\n\n\n<ol class=\"wp-block-list\"><li>dopo $223$ rivoluzioni sinodiche ($223\\times 29.53059d=6585.3d$)<\/li><li>dopo $242$ rivoluzioni draconitiche ($242\\times 27.21222d=6585.4d$)<\/li><li>dopo $239$ rivoluzioni anomalistiche ($239\\times 27.55455d=6585.5d$)<\/li><\/ol>\n\n\n\n<p>Il periodo di $6585$ giorni e mezzo, corrispondente a circa $18$ anni e $11$ giorni, \u00e8 l&#8217;intervallo di tempo necessario ai tre corpi celesti per ritornare nelle stesse posizioni relative. Gi\u00e0 i Caldei sapevano che in $6585$ giorni le serie di eclissi di Luna e di Sole si ripetevano con sequenze regolari. E&#8217; un intervallo noto come <strong>ciclo di saros<\/strong>.<\/p>\n\n\n\n<p>I Greci prevedevano le eclissi usando un ciclo di $6940$ giorni che corrispondo a circa $19$ anni, scoperto dall&#8217;astronomo ateniese <a href=\"https:\/\/it.wikipedia.org\/wiki\/Metone_di_Atene\">Metone<\/a> nel V secolo a.C. e noto perci\u00f2 come <strong>ciclo metonico<\/strong>. Esso considera soltanto le prime due condizioni: durante 235 rivoluzioni sinodiche e 255 draconitiche la Luna, la Terra e il Sole si ritrovano, approssimativamente, nella stessa posizione relativa. Dato che questo ciclo <em>non<\/em> contiene un numero intero di rivoluzioni anomalistiche, due eclissi che si ripetono con questo intervallo variano di molto nelle dimensioni apparenti della Luna rispetto al Sole. Il ciclo di Metone \u00e8 conosciuto anche come <strong>ciclo del numero d&#8217;oro<\/strong>, perch\u00e9 la sua scoperta fu resa pubblica da Metone durante le Olimpiadi, e perpetuata in lettere d&#8217;oro sul tempio di Minerva. La cronologia ecclesiastica assegna un numero d&#8217;oro a ciascun anno. Al primo anno dell&#8217;era volgare \u00e8 stato assegnato il numero d&#8217;oro $2$.<\/p>\n\n\n\n<p>Durante l&#8217;intervallo di $18$ anni e $11$ giorni (un ciclo saros) si verificano $72$ eclissi: in media $43$ di Sole e $29$ di Luna. In un anno si verificano da un minimo di $2$ a un massimo di $7$ eclissi. Quando sono due, sono entrambe eclissi di Sole. E&#8217; facile capire perch\u00e9 le eclissi di Sole sono pi\u00f9 frequenti:  se <a href=\"https:\/\/eratostene.vialattea.net\/wpe\/wp-content\/uploads\/2021\/04\/eclissi-1.jpg\">osserviamo questa figura<\/a>,  quando la Luna entra nella sezione di cono compresa tra $C$ e $D$ si verifica un&#8217;eclisse di Sole e quando entra nella sezione compresa tra $A$ e $B$ si verifica un&#8217;eclisse di Luna; come si vede, il tratto $CD$ \u00e8 pi\u00f9 lungo del tratto $AB$ e di conseguenza \u00e8 maggiore la probabilit\u00e0 del primo tipo di eclisse.<\/p>\n\n\n\n<p>D&#8217;altra parte \u00e8 pi\u00f9 probabile osservare un&#8217;eclisse di Luna che di Sole perch\u00e9 le eclissi di Luna sono visibili da qualsiasi punto della Terra che sia rivolto verso la Luna mentre le eclissi di Sole, quando si verificano, sono visibili solo in pochi punti della superficie terrestre.<\/p>\n\n\n\n<!-- Page-list plugin v.4.3 wordpress.org\/plugins\/page-list\/ -->\n<ul class=\"page-list \">\n<li class=\"page_item page-item-12733\"><a href=\"https:\/\/eratostene.vialattea.net\/wpe\/argomenti\/luna\/fasi-della-luna\/\">Fasi della Luna<\/a><\/li>\n<li class=\"page_item page-item-12764\"><a href=\"https:\/\/eratostene.vialattea.net\/wpe\/argomenti\/luna\/i-mesi-lunari\/\">I mesi lunari<\/a><\/li>\n<li class=\"page_item page-item-12797\"><a href=\"https:\/\/eratostene.vialattea.net\/wpe\/argomenti\/luna\/lorbita-della-luna\/\">L&#8217;orbita della Luna<\/a><\/li>\n<li class=\"page_item page-item-12975 page_item_has_children\"><a href=\"https:\/\/eratostene.vialattea.net\/wpe\/argomenti\/luna\/eclissi\/\">Eclissi<\/a>\n<ul class='children'>\n\t<li class=\"page_item page-item-13010\"><a href=\"https:\/\/eratostene.vialattea.net\/wpe\/argomenti\/luna\/eclissi\/saros-e-il-ciclo-di-metone\/\">Saros e il ciclo di Metone<\/a><\/li>\n\t<li class=\"page_item page-item-13248\"><a href=\"https:\/\/eratostene.vialattea.net\/wpe\/argomenti\/luna\/eclissi\/il-raggio-del-cerchio-dombra\/\">Il raggio del cerchio d&#8217;ombra<\/a><\/li>\n<\/ul>\n<\/li>\n<li class=\"page_item page-item-5183\"><a href=\"https:\/\/eratostene.vialattea.net\/wpe\/argomenti\/luna\/dove-guarda-la-luna\/\">Dove guarda la Luna?<\/a><\/li>\n\n<\/ul>\n\n\n\n<p><\/p>\n","protected":false},"excerpt":{"rendered":"<p>L&#8217;evento di una particolare eclisse si riproduce ogni volta che la Terra, la Luna e il Sole si ritrovano nelle stesse posizioni relative. Ci\u00f2 accade ad intervalli di tempo approssimativamente uguali. Le condizioni che determinano l&#8217;allineamento sono: il verificarsi delle<\/p>\n","protected":false},"author":1,"featured_media":0,"parent":12975,"menu_order":0,"comment_status":"closed","ping_status":"closed","template":"","meta":{"_coblocks_attr":"","_coblocks_dimensions":"","_coblocks_responsive_height":"","_coblocks_accordion_ie_support":"","_uag_custom_page_level_css":"","footnotes":""},"class_list":["post-13010","page","type-page","status-publish","hentry"],"uagb_featured_image_src":{"full":false,"thumbnail":false,"medium":false,"medium_large":false,"large":false,"1536x1536":false,"2048x2048":false,"featured-blog-large":false,"featured-blog-medium":false,"featured":false,"featured-blog-medium-small":false,"rpwe-thumbnail":false},"uagb_author_info":{"display_name":"adminwperatostene","author_link":"https:\/\/eratostene.vialattea.net\/wpe\/author\/adminwperatostene\/"},"uagb_comment_info":0,"uagb_excerpt":"L&#8217;evento di una particolare eclisse si riproduce ogni volta che la Terra, la Luna e il Sole si ritrovano nelle stesse posizioni relative. Ci\u00f2 accade ad intervalli di tempo approssimativamente uguali. Le condizioni che determinano l&#8217;allineamento sono: il verificarsi delle","_links":{"self":[{"href":"https:\/\/eratostene.vialattea.net\/wpe\/wp-json\/wp\/v2\/pages\/13010","targetHints":{"allow":["GET"]}}],"collection":[{"href":"https:\/\/eratostene.vialattea.net\/wpe\/wp-json\/wp\/v2\/pages"}],"about":[{"href":"https:\/\/eratostene.vialattea.net\/wpe\/wp-json\/wp\/v2\/types\/page"}],"author":[{"embeddable":true,"href":"https:\/\/eratostene.vialattea.net\/wpe\/wp-json\/wp\/v2\/users\/1"}],"replies":[{"embeddable":true,"href":"https:\/\/eratostene.vialattea.net\/wpe\/wp-json\/wp\/v2\/comments?post=13010"}],"version-history":[{"count":12,"href":"https:\/\/eratostene.vialattea.net\/wpe\/wp-json\/wp\/v2\/pages\/13010\/revisions"}],"predecessor-version":[{"id":13247,"href":"https:\/\/eratostene.vialattea.net\/wpe\/wp-json\/wp\/v2\/pages\/13010\/revisions\/13247"}],"up":[{"embeddable":true,"href":"https:\/\/eratostene.vialattea.net\/wpe\/wp-json\/wp\/v2\/pages\/12975"}],"wp:attachment":[{"href":"https:\/\/eratostene.vialattea.net\/wpe\/wp-json\/wp\/v2\/media?parent=13010"}],"curies":[{"name":"wp","href":"https:\/\/api.w.org\/{rel}","templated":true}]}}