{"id":5211,"date":"2020-06-29T16:36:59","date_gmt":"2020-06-29T14:36:59","guid":{"rendered":"https:\/\/eratostene.vialattea.net\/wpe\/?page_id=5211"},"modified":"2021-04-13T11:40:16","modified_gmt":"2021-04-13T09:40:16","slug":"angolo-parallattico","status":"publish","type":"page","link":"https:\/\/eratostene.vialattea.net\/wpe\/glossario\/angolo-parallattico\/","title":{"rendered":"Angolo parallattico"},"content":{"rendered":"\n<div class=\"wp-block-media-text alignwide is-stacked-on-mobile is-style-default\" style=\"grid-template-columns:44% auto\"><figure class=\"wp-block-media-text__media\"><a href=\"https:\/\/eratostene.vialattea.net\/wpe\/wp-content\/uploads\/2020\/06\/angolo-parallattico.png\"><img loading=\"lazy\" decoding=\"async\" width=\"800\" height=\"419\" src=\"https:\/\/eratostene.vialattea.net\/wpe\/wp-content\/uploads\/2020\/06\/angolo-parallattico.png\" alt=\"\" class=\"wp-image-5212 size-full\" srcset=\"https:\/\/eratostene.vialattea.net\/wpe\/wp-content\/uploads\/2020\/06\/angolo-parallattico.png 800w, https:\/\/eratostene.vialattea.net\/wpe\/wp-content\/uploads\/2020\/06\/angolo-parallattico-300x157.png 300w, https:\/\/eratostene.vialattea.net\/wpe\/wp-content\/uploads\/2020\/06\/angolo-parallattico-768x402.png 768w\" sizes=\"auto, (max-width: 800px) 100vw, 800px\" \/><\/a><\/figure><div class=\"wp-block-media-text__content\">\n<p>L&#8217;<strong>angolo parallattico<\/strong>, o <strong>angolo dell&#8217;astro<\/strong> o <strong>angolo di posizione<\/strong> \u00e8 l&#8217;<a href=\"https:\/\/eratostene.vialattea.net\/wpe\/glossario\/angolo-sferico\/\" data-type=\"page\" data-id=\"1169\">angolo sferico<\/a> che ha per vertice l&#8217;astro e per lati il <a href=\"https:\/\/eratostene.vialattea.net\/wpe\/glossario\/cerchio-verticale\/\" data-type=\"page\" data-id=\"1073\">verticale dell&#8217;astro<\/a> e l&#8217;<a href=\"https:\/\/eratostene.vialattea.net\/wpe\/glossario\/cerchio-orario\/\" data-type=\"page\" data-id=\"1087\">orario dell&#8217;astro<\/a> (vedi il <a href=\"https:\/\/eratostene.vialattea.net\/wpe\/glossario\/triangolo-di-posizione\/\" data-type=\"page\" data-id=\"6644\">triangolo di posizione<\/a>).<\/p>\n\n\n\n<p>E&#8217; un indicatore dell\u2019inclinazione in cui ci appare un corpo celeste, rispetto allo <a href=\"https:\/\/eratostene.vialattea.net\/wpe\/glossario\/zenit-astronomico\/\" data-type=\"page\" data-id=\"1028\">zenit<\/a>, nel corso del suo <a href=\"https:\/\/eratostene.vialattea.net\/wpe\/glossario\/moto-apparente-diurno\/\" data-type=\"page\" data-id=\"5459\">moto apparente diurno<\/a>.<\/p>\n\n\n\n<p>Si osservi la Luna al primo quarto nel corso del suo moto apparente lungo l\u2019<a href=\"https:\/\/eratostene.vialattea.net\/wpe\/glossario\/arco-diurno\/\">arco diurno<\/a>. Quando essa si trova nell\u2019<a href=\"https:\/\/eratostene.vialattea.net\/wpe\/glossario\/emisfero-orientale-e-occidentale\/\" data-type=\"page\" data-id=\"5465\">emisfero orientale<\/a> l\u2019intera \u201cgobba\u201d \u00e8 rivolta generalmente in alto, mentre quando la Luna si avvia al suo tramonto \u00e8 inclinata verso il basso. Ci\u00f2 accade non solo con la Luna ma per tutti i corpi celesti, come pure alle configurazioni delle costellazioni la cui \u201cinclinazione\u201d varia a seconda della loro posizione lungo l&#8217;arco diurno. <\/p>\n<\/div><\/div>\n\n\n\n<p class=\"has-background\" style=\"background-color:#effaff;font-size:14px\">L&#8217;espressione &#8220;<em>angolo parallattico&#8221; <\/em>non ha nulla a che fare con il fenomeno di <a href=\"https:\/\/eratostene.vialattea.net\/wpe\/glossario\/parallasse\/\" data-type=\"page\" data-id=\"10866\">parallasse<\/a>. Il significato dell&#8217;aggettivo <em>parallattico<\/em>  si riferisce, in questo caso, alla <em>deviazione<\/em> dell&#8217;asse dei corpi celesti che si manifesta nel corso del loro <a href=\"https:\/\/eratostene.vialattea.net\/wpe\/glossario\/moto-apparente-diurno\/\" data-type=\"page\" data-id=\"5459\">moto diurno<\/a> lungo i circoli dei <a href=\"https:\/\/eratostene.vialattea.net\/wpe\/glossario\/parallelo-celeste\/\" data-type=\"page\" data-id=\"568\">paralleli di declinazione<\/a> (vedi il <a href=\"https:\/\/eratostene.vialattea.net\/wpe\/glossario\/parallasse\/\" data-type=\"page\" data-id=\"10866\">significato etimologico di parallasse<\/a>).<\/p>\n\n\n\n<div class=\"wp-block-media-text alignwide has-media-on-the-right is-stacked-on-mobile is-style-default\" style=\"grid-template-columns:auto 32%\"><figure class=\"wp-block-media-text__media\"><a href=\"https:\/\/eratostene.vialattea.net\/wpe\/wp-content\/uploads\/2020\/06\/angolo-parallattic2.png\"><img loading=\"lazy\" decoding=\"async\" width=\"412\" height=\"541\" src=\"https:\/\/eratostene.vialattea.net\/wpe\/wp-content\/uploads\/2020\/06\/angolo-parallattic2.png\" alt=\"\" class=\"wp-image-5213 size-full\" srcset=\"https:\/\/eratostene.vialattea.net\/wpe\/wp-content\/uploads\/2020\/06\/angolo-parallattic2.png 412w, https:\/\/eratostene.vialattea.net\/wpe\/wp-content\/uploads\/2020\/06\/angolo-parallattic2-228x300.png 228w\" sizes=\"auto, (max-width: 412px) 100vw, 412px\" \/><\/a><\/figure><div class=\"wp-block-media-text__content\">\n<p>Se consideriamo il disco di un qualunque corpo celeste di centro\u00a0$C$\u00a0che percorre un tratto del suo <a href=\"https:\/\/eratostene.vialattea.net\/wpe\/glossario\/arco-diurno\/\" data-type=\"page\" data-id=\"489\">arco diurno<\/a> (la curva di colore rosso, che \u00e8 un\u00a0<a href=\"https:\/\/eratostene.vialattea.net\/wpe\/glossario\/parallelo-celeste\/\">parallelo di declinazione<\/a>), la direzione\u00a0$CZ$\u00a0\u00e8 un tratto del\u00a0<a href=\"https:\/\/eratostene.vialattea.net\/wpe\/glossario\/semicerchio-verticale-o-verticale\/\" data-type=\"page\" data-id=\"1076\">verticale dell\u2019astro<\/a>\u00a0e punta allo\u00a0<a href=\"https:\/\/eratostene.vialattea.net\/wpe\/glossario\/zenit-astronomico\/\" data-type=\"page\" data-id=\"1028\">zenit<\/a>, mentre la direzione $CN$\u00a0\u00e8 un tratto di\u00a0<a href=\"https:\/\/eratostene.vialattea.net\/wpe\/glossario\/semicerchio-orario\/\" data-type=\"page\" data-id=\"1090\">orario dell\u2019astro<\/a>, perpendicolare all\u2019arco diurno, che punta al\u00a0<a href=\"https:\/\/eratostene.vialattea.net\/wpe\/glossario\/poli-celesti\/\" data-type=\"page\" data-id=\"1046\">polo nord celeste<\/a>. Il punto $Z$\u00a0\u00e8 il punto del bordo del disco che \u00e8 rivolto allo zenit (<em><strong>punto zenitale del disco<\/strong><\/em>) e il punto $N$\u00a0\u00e8 quello rivolto al polo nord celeste (<em><strong>punto nord del disco<\/strong><\/em>). L\u2019<strong>angolo parallattico<\/strong> $q$, \u00e8 l\u2019angolo compreso tra queste due direzioni, ed \u00e8 convenzionalmente positivo quando l\u2019astro ha gi\u00e0 attraversato il\u00a0meridiano\u00a0e negativo prima di attraversarlo. Quando l\u2019astro \u00e8 al meridiano $q=0^\\circ$.<\/p>\n<\/div><\/div>\n\n\n\n<p>L&#8217;angolo parallattico si calcola in funzione della <a href=\"https:\/\/eratostene.vialattea.net\/wpe\/glossario\/latitudine-astronomica\/\" data-type=\"page\" data-id=\"507\">latitudine<\/a> dell&#8217;osservatore $\\varphi$, dell&#8217;<a href=\"https:\/\/eratostene.vialattea.net\/wpe\/glossario\/angolo-orario\/\" data-type=\"page\" data-id=\"995\">angolo orario<\/a> $H$ e della <a href=\"https:\/\/eratostene.vialattea.net\/wpe\/glossario\/declinazione\/\" data-type=\"page\" data-id=\"997\">declinazione<\/a> $\\delta$ dell&#8217;astro:<\/p>\n\n\n\n$$\\tan q = \\frac{\\sin H}{\\tan\\varphi\\cdot\\cos\\delta-\\sin\\delta\\cos H}$$\n\n\n\n<p class=\"has-text-align-center has-small-font-size\">~~~<a href=\"https:\/\/eratostene.vialattea.net\/wpe\/glossario\/\">GLOSSARIO<\/a>~~~<\/p>\n","protected":false},"excerpt":{"rendered":"<p>L&#8217;angolo parallattico, o angolo dell&#8217;astro o angolo di posizione \u00e8 l&#8217;angolo sferico che ha per vertice l&#8217;astro e per lati il verticale dell&#8217;astro e l&#8217;orario dell&#8217;astro (vedi il triangolo di posizione). E&#8217; un indicatore dell\u2019inclinazione in cui ci appare un<\/p>\n","protected":false},"author":1,"featured_media":0,"parent":2019,"menu_order":31,"comment_status":"closed","ping_status":"closed","template":"","meta":{"_coblocks_attr":"","_coblocks_dimensions":"","_coblocks_responsive_height":"","_coblocks_accordion_ie_support":"","_uag_custom_page_level_css":"","footnotes":""},"class_list":["post-5211","page","type-page","status-publish","hentry"],"uagb_featured_image_src":{"full":false,"thumbnail":false,"medium":false,"medium_large":false,"large":false,"1536x1536":false,"2048x2048":false,"featured-blog-large":false,"featured-blog-medium":false,"featured":false,"featured-blog-medium-small":false,"rpwe-thumbnail":false},"uagb_author_info":{"display_name":"adminwperatostene","author_link":"https:\/\/eratostene.vialattea.net\/wpe\/author\/adminwperatostene\/"},"uagb_comment_info":0,"uagb_excerpt":"L&#8217;angolo parallattico, o angolo dell&#8217;astro o angolo di posizione \u00e8 l&#8217;angolo sferico che ha per vertice l&#8217;astro e per lati il verticale dell&#8217;astro e l&#8217;orario dell&#8217;astro (vedi il triangolo di posizione). E&#8217; un indicatore dell\u2019inclinazione in cui ci appare un","_links":{"self":[{"href":"https:\/\/eratostene.vialattea.net\/wpe\/wp-json\/wp\/v2\/pages\/5211","targetHints":{"allow":["GET"]}}],"collection":[{"href":"https:\/\/eratostene.vialattea.net\/wpe\/wp-json\/wp\/v2\/pages"}],"about":[{"href":"https:\/\/eratostene.vialattea.net\/wpe\/wp-json\/wp\/v2\/types\/page"}],"author":[{"embeddable":true,"href":"https:\/\/eratostene.vialattea.net\/wpe\/wp-json\/wp\/v2\/users\/1"}],"replies":[{"embeddable":true,"href":"https:\/\/eratostene.vialattea.net\/wpe\/wp-json\/wp\/v2\/comments?post=5211"}],"version-history":[{"count":25,"href":"https:\/\/eratostene.vialattea.net\/wpe\/wp-json\/wp\/v2\/pages\/5211\/revisions"}],"predecessor-version":[{"id":13076,"href":"https:\/\/eratostene.vialattea.net\/wpe\/wp-json\/wp\/v2\/pages\/5211\/revisions\/13076"}],"up":[{"embeddable":true,"href":"https:\/\/eratostene.vialattea.net\/wpe\/wp-json\/wp\/v2\/pages\/2019"}],"wp:attachment":[{"href":"https:\/\/eratostene.vialattea.net\/wpe\/wp-json\/wp\/v2\/media?parent=5211"}],"curies":[{"name":"wp","href":"https:\/\/api.w.org\/{rel}","templated":true}]}}