{"id":7981,"date":"2020-12-22T18:27:09","date_gmt":"2020-12-22T17:27:09","guid":{"rendered":"https:\/\/eratostene.vialattea.net\/wpe\/?page_id=7981"},"modified":"2021-03-01T07:16:32","modified_gmt":"2021-03-01T06:16:32","slug":"il-giorno-solare-medio","status":"publish","type":"page","link":"https:\/\/eratostene.vialattea.net\/wpe\/argomenti\/ogni-cosa-ha-il-suo-tempo\/il-giorno-solare-medio\/","title":{"rendered":"L&#8217;introduzione del giorno solare medio: un intervallo di tempo costante"},"content":{"rendered":"\n<p>L&#8217;esigenza di una scala di tempo solare uniforme, anche ad uso civile, \u00e8 stato introdotto il <strong>giorno solare medio<\/strong>: un intervallo di tempo costante e pari alla media di un gran numero di <a href=\"https:\/\/eratostene.vialattea.net\/wpe\/glossario\/giorno-solare-vero\/\" data-type=\"page\" data-id=\"537\">giorni solari veri<\/a>.  Fondamento di questa scala uniforme \u00e8 la definizione di un <a href=\"https:\/\/eratostene.vialattea.net\/wpe\/glossario\/sole-medio\/\" data-type=\"page\" data-id=\"1152\">Sole medio<\/a>, distinto dal Sole osservabile che sar\u00e0 chiamato invece <a href=\"https:\/\/eratostene.vialattea.net\/wpe\/glossario\/sole-vero\/\" data-type=\"page\" data-id=\"584\">Sole vero<\/a>. Il Sole medio non percorre l&#8217;eclittica ma l&#8217;<a href=\"https:\/\/eratostene.vialattea.net\/wpe\/glossario\/equatore-celeste\/\" data-type=\"page\" data-id=\"968\">equatore<\/a> e la sua velocit\u00e0 \u00e8 velocit\u00e0 costante. Il Sole medio, inoltre, \u00e8 sincronizzato con l&#8217;<a href=\"https:\/\/eratostene.vialattea.net\/wpe\/glossario\/anno-tropico\/\" data-type=\"page\" data-id=\"5474\">anno tropico<\/a>: esso infatti, all&#8217;equinozio di marzo, torna al <a href=\"https:\/\/eratostene.vialattea.net\/wpe\/glossario\/punto-gamma\/\" data-type=\"page\" data-id=\"6772\">punto vernale<\/a> nello stesso istante del Sole vero.<\/p>\n\n\n\n<p>La costruzione ideale del Sole medio procede in due fasi:<\/p>\n\n\n\n<ol class=\"wp-block-list\"><li>Si immagini dapprima un Sole ideale (chiamato <em>fittizio<\/em> o <em>dinamico<\/em>) che percorre l&#8217;<a href=\"https:\/\/eratostene.vialattea.net\/wpe\/glossario\/eclittica\/\" data-type=\"page\" data-id=\"1102\">eclittica<\/a> con moto uniforme. Il suo moto \u00e8 tale da incontrare il centro del Sole vero in due istanti dell&#8217;anno: all&#8217;<a href=\"https:\/\/eratostene.vialattea.net\/wpe\/glossario\/afelio\/\" data-type=\"page\" data-id=\"2034\">afelio<\/a> e al <a href=\"https:\/\/eratostene.vialattea.net\/wpe\/glossario\/perielio\/\" data-type=\"page\" data-id=\"984\">perielio<\/a>. Nel percorso tra l&#8217;afelio e il perielio il Sole fittizio ritarda rispetto al Sole vero. Nel tratto rimanente, dal perielio all&#8217;afelio, \u00e8 il Sole vero a ritardare rispetto al Sole fittizio. L&#8217;ascensione retta del Sole fittizio non cresce in modo uniforme perch\u00e9 esso percorre l&#8217;eclittica, non l&#8217;equatore. E&#8217; necessaria una seconda correzione.<\/li><li>Si immagini ora il Sole medio. Esso  percorre con moto uniforme l&#8217;<a href=\"https:\/\/eratostene.vialattea.net\/wpe\/glossario\/equatore-celeste\/\" data-type=\"page\" data-id=\"968\">equatore<\/a> ed incontra il Sole fittizio al punto vernale nell&#8217;istante dell&#8217;<a href=\"https:\/\/eratostene.vialattea.net\/wpe\/glossario\/equinozio-di-marzo\/\" data-type=\"page\" data-id=\"5772\">equinozio di marzo<\/a>. <\/li><\/ol>\n\n\n\n<div class=\"wp-block-media-text alignwide is-stacked-on-mobile\" style=\"grid-template-columns:34% auto\"><figure class=\"wp-block-media-text__media\"><a href=\"https:\/\/eratostene.vialattea.net\/wpe\/wp-content\/uploads\/2013\/02\/solefittizio.gif\"><img loading=\"lazy\" decoding=\"async\" width=\"413\" height=\"268\" src=\"https:\/\/eratostene.vialattea.net\/wpe\/wp-content\/uploads\/2013\/02\/solefittizio.gif\" alt=\"\" class=\"wp-image-582 size-full\"\/><\/a><\/figure><div class=\"wp-block-media-text__content\">\n<p>Il Sole vero e il Sole fittizio si sovrappongono all&#8217;afelio e al perielio. Il Sole fittizio e il Sole medio si sovrappongono all&#8217;equinozio di marzo (punto vernale $\\gamma$)<\/p>\n<\/div><\/div>\n\n\n\n<p>L&#8217;ascensione retta del Sole medio cresce in modo uniforme di $360^\\circ=24^h=86\\,400^s$ durante un anno tropico. Si \u00e8 visto che la lunghezza dell&#8217;anno tropico \u00e8 pari a $365\\text{,2422}$ giorni solari, perci\u00f2 una semplice divisione ci fornisce l&#8217;aumento giornaliero di ascensione retta del Sole medio:<\/p>\n\n\n\n<p>$$\\frac{24^h}{365\\text{,2422}}=\\frac{86\\,400^s}{365\\text{,2422}}=\\text{236,56}^s=3^m\\text{56,56}^s$$<\/p>\n\n\n\n<p>Questo valore, espresso in primi d&#8217;arco, equivale a $59&#8217;\\text{8,4}&#8221;$ cio\u00e8 poco meno di un grado. <\/p>\n\n\n\n<p>Usando il Sole medio, si definiscono cos\u00ec un giorno solare medio e un tempo solare medio come segue:<\/p>\n\n\n\n<p>Il <strong>giorno solare medio<\/strong> \u00e8 l&#8217;<strong>intervallo di tempo compreso tra due <a href=\"https:\/\/eratostene.vialattea.net\/wpe\/glossario\/passaggio-al-meridiano\/\" data-type=\"page\" data-id=\"7244\">passaggi<\/a> successivi del Sole medio allo stesso <a href=\"https:\/\/eratostene.vialattea.net\/wpe\/glossario\/meridiano-celeste\/\" data-type=\"page\" data-id=\"1054\">meridiano<\/a><\/strong>.<\/p>\n\n\n\n<p>Il <strong>tempo solare medio<\/strong>, o semplicemente <em>tempo medio <\/em>o <em>ora media<\/em>, <strong>\u00e8 uguale all&#8217;<a href=\"https:\/\/eratostene.vialattea.net\/wpe\/glossario\/angolo-orario\/\" data-type=\"page\" data-id=\"995\">angolo orario<\/a> del Sole medio<\/strong>. <\/p>\n\n\n\n<p>I vantaggi fondamentali della scala di tempo medio sono due: \u00e8 un tempo che segue il ritmo dei giorni solari veri ma \u00e8 uniforme e quindi pu\u00f2 essere sincronizzato con un orologio meccanico.<\/p>\n\n\n\n<p>La differenza tra il tempo solare del Sole vero ($t_v$) e il tempo medio ($t_m$) \u00e8 chiamata <em><a href=\"https:\/\/eratostene.vialattea.net\/wpe\/glossario\/equazione-del-tempo\/\" data-type=\"page\" data-id=\"5794\">equazione del tempo<\/a><\/em> della quale si discuter\u00e0 <a href=\"https:\/\/eratostene.vialattea.net\/wpe\/argomenti\/ogni-cosa-ha-il-suo-tempo\/lequazione-del-tempo\/\" data-type=\"page\" data-id=\"8263\">nella prossima pagina<\/a>.<\/p>\n\n\n\n<p>$$E_t = t_v-t_m$$<\/p>\n\n\n\n<p class=\"has-background\" style=\"background-color:#e1f4ff;font-size:15px\">La scala di <em>tempo solare medio<\/em> \u00e8 obsoleta. Dal 1972 \u00e8 stata sostituita con la definizione della scala di tempo universale <a href=\"https:\/\/eratostene.vialattea.net\/wpe\/glossario\/tempo-universale\/\" data-type=\"page\" data-id=\"601\">UT<\/a>, e della scala di tempo universale coordinato <a href=\"https:\/\/eratostene.vialattea.net\/wpe\/glossario\/tempo-coordinato-universale-utc\/\" data-type=\"page\" data-id=\"982\">UTC<\/a>. In queste pagine user\u00f2 comunque la vecchia espressione che trovo pi\u00f9 significativa quando abbinata all&#8217;espressione <em>tempo solare vero<\/em>.<\/p>\n\n\n\n<!-- Page-list plugin v.4.3 wordpress.org\/plugins\/page-list\/ -->\n<ul class=\"page-list siblings-page-list \">\n<li class=\"page_item page-item-1165\"><a href=\"https:\/\/eratostene.vialattea.net\/wpe\/argomenti\/ogni-cosa-ha-il-suo-tempo\/misura-del-tempo\/\">La misura del tempo: una introduzione<\/a><\/li>\n<li class=\"page_item page-item-1158\"><a href=\"https:\/\/eratostene.vialattea.net\/wpe\/argomenti\/ogni-cosa-ha-il-suo-tempo\/diagramma-orario\/\">Il diagramma orario<\/a><\/li>\n<li class=\"page_item page-item-8023\"><a href=\"https:\/\/eratostene.vialattea.net\/wpe\/argomenti\/ogni-cosa-ha-il-suo-tempo\/giorni-e-tempi\/\">Giorni e tempi<\/a><\/li>\n<li class=\"page_item page-item-7967\"><a href=\"https:\/\/eratostene.vialattea.net\/wpe\/argomenti\/ogni-cosa-ha-il-suo-tempo\/il-giorno-siderale-e-il-tempo-siderale\/\">Il giorno siderale e il tempo siderale<\/a><\/li>\n<li class=\"page_item page-item-7974\"><a href=\"https:\/\/eratostene.vialattea.net\/wpe\/argomenti\/ogni-cosa-ha-il-suo-tempo\/giorno-siderale-e-giorno-solare\/\">Giorno siderale e giorno solare<\/a><\/li>\n<li class=\"page_item page-item-7976\"><a href=\"https:\/\/eratostene.vialattea.net\/wpe\/argomenti\/ogni-cosa-ha-il-suo-tempo\/il-giorno-solare-non-e-un-intervallo-costante\/\">Il giorno solare non \u00e8 un intervallo costante<\/a><\/li>\n<li class=\"page_item page-item-8163\"><a href=\"https:\/\/eratostene.vialattea.net\/wpe\/argomenti\/ogni-cosa-ha-il-suo-tempo\/lanno-tropico-e-lanno-siderale\/\">L&#8217;anno tropico e l&#8217;anno siderale<\/a><\/li>\n<li class=\"page_item page-item-7981\"><a href=\"https:\/\/eratostene.vialattea.net\/wpe\/argomenti\/ogni-cosa-ha-il-suo-tempo\/il-giorno-solare-medio\/\">L&#8217;introduzione del giorno solare medio: un intervallo di tempo costante<\/a><\/li>\n<li class=\"page_item page-item-8263\"><a href=\"https:\/\/eratostene.vialattea.net\/wpe\/argomenti\/ogni-cosa-ha-il-suo-tempo\/lequazione-del-tempo\/\">L&#8217;equazione del tempo<\/a><\/li>\n<li class=\"page_item page-item-8306\"><a href=\"https:\/\/eratostene.vialattea.net\/wpe\/argomenti\/ogni-cosa-ha-il-suo-tempo\/giorno-astronomico-e-giorno-civile\/\">Giorno astronomico e giorno civile<\/a><\/li>\n<li class=\"page_item page-item-8626\"><a href=\"https:\/\/eratostene.vialattea.net\/wpe\/argomenti\/ogni-cosa-ha-il-suo-tempo\/il-tempo-e-le-differenze-di-longitudine\/\">Il tempo e le differenze di longitudine<\/a><\/li>\n<li class=\"page_item page-item-8652\"><a href=\"https:\/\/eratostene.vialattea.net\/wpe\/argomenti\/ogni-cosa-ha-il-suo-tempo\/il-tempo-siderale-e-lascensione-retta\/\">Il tempo e l&#8217;ascensione retta<\/a><\/li>\n<li class=\"page_item page-item-8662\"><a href=\"https:\/\/eratostene.vialattea.net\/wpe\/argomenti\/ogni-cosa-ha-il-suo-tempo\/tempi-locali-e-tempi-del-meridiano-fondamentale\/\">Tempi locali e tempi del meridiano fondamentale<\/a><\/li>\n<li class=\"page_item page-item-8713\"><a href=\"https:\/\/eratostene.vialattea.net\/wpe\/argomenti\/ogni-cosa-ha-il-suo-tempo\/tempo-del-fuso-e-tempo-locale\/\">Tempo meccanico e tempo dell&#8217;orologio solare<\/a><\/li>\n<li class=\"page_item page-item-11231\"><a href=\"https:\/\/eratostene.vialattea.net\/wpe\/argomenti\/ogni-cosa-ha-il-suo-tempo\/tempo-medio-tempo-siderale-e-conversioni\/\">Tempo medio, tempo siderale e conversioni<\/a><\/li>\n<li class=\"page_item page-item-3327\"><a href=\"https:\/\/eratostene.vialattea.net\/wpe\/argomenti\/ogni-cosa-ha-il-suo-tempo\/la-rotazione-della-terra\/\">L&#8217;irregolarit\u00e0 della rotazione terrestre e i tempi atomici<\/a><\/li>\n<li class=\"page_item page-item-1273\"><a href=\"https:\/\/eratostene.vialattea.net\/wpe\/argomenti\/ogni-cosa-ha-il-suo-tempo\/sole-medio-e-sole-vero\/\">Sole medio e Sole vero<\/a><\/li>\n\n<\/ul>\n","protected":false},"excerpt":{"rendered":"<p>L&#8217;esigenza di una scala di tempo solare uniforme, anche ad uso civile, \u00e8 stato introdotto il giorno solare medio: un intervallo di tempo costante e pari alla media di un gran numero di giorni solari veri. Fondamento di questa scala<\/p>\n","protected":false},"author":1,"featured_media":0,"parent":7854,"menu_order":40,"comment_status":"closed","ping_status":"closed","template":"","meta":{"_coblocks_attr":"","_coblocks_dimensions":"","_coblocks_responsive_height":"","_coblocks_accordion_ie_support":"","_uag_custom_page_level_css":"","footnotes":""},"class_list":["post-7981","page","type-page","status-publish","hentry"],"uagb_featured_image_src":{"full":false,"thumbnail":false,"medium":false,"medium_large":false,"large":false,"1536x1536":false,"2048x2048":false,"featured-blog-large":false,"featured-blog-medium":false,"featured":false,"featured-blog-medium-small":false,"rpwe-thumbnail":false},"uagb_author_info":{"display_name":"adminwperatostene","author_link":"https:\/\/eratostene.vialattea.net\/wpe\/author\/adminwperatostene\/"},"uagb_comment_info":0,"uagb_excerpt":"L&#8217;esigenza di una scala di tempo solare uniforme, anche ad uso civile, \u00e8 stato introdotto il giorno solare medio: un intervallo di tempo costante e pari alla media di un gran numero di giorni solari veri. Fondamento di questa scala","_links":{"self":[{"href":"https:\/\/eratostene.vialattea.net\/wpe\/wp-json\/wp\/v2\/pages\/7981","targetHints":{"allow":["GET"]}}],"collection":[{"href":"https:\/\/eratostene.vialattea.net\/wpe\/wp-json\/wp\/v2\/pages"}],"about":[{"href":"https:\/\/eratostene.vialattea.net\/wpe\/wp-json\/wp\/v2\/types\/page"}],"author":[{"embeddable":true,"href":"https:\/\/eratostene.vialattea.net\/wpe\/wp-json\/wp\/v2\/users\/1"}],"replies":[{"embeddable":true,"href":"https:\/\/eratostene.vialattea.net\/wpe\/wp-json\/wp\/v2\/comments?post=7981"}],"version-history":[{"count":41,"href":"https:\/\/eratostene.vialattea.net\/wpe\/wp-json\/wp\/v2\/pages\/7981\/revisions"}],"predecessor-version":[{"id":11108,"href":"https:\/\/eratostene.vialattea.net\/wpe\/wp-json\/wp\/v2\/pages\/7981\/revisions\/11108"}],"up":[{"embeddable":true,"href":"https:\/\/eratostene.vialattea.net\/wpe\/wp-json\/wp\/v2\/pages\/7854"}],"wp:attachment":[{"href":"https:\/\/eratostene.vialattea.net\/wpe\/wp-json\/wp\/v2\/media?parent=7981"}],"curies":[{"name":"wp","href":"https:\/\/api.w.org\/{rel}","templated":true}]}}