{"id":937,"date":"2013-03-12T10:19:41","date_gmt":"2013-03-12T10:19:41","guid":{"rendered":"https:\/\/eratostene.vialattea.net\/wpe\/2013\/03\/12\/linea-diurna\/"},"modified":"2022-09-20T14:14:11","modified_gmt":"2022-09-20T12:14:11","slug":"linea-diurna","status":"publish","type":"page","link":"https:\/\/eratostene.vialattea.net\/wpe\/argomenti\/terra-e-sole\/linea-diurna\/","title":{"rendered":"Linea diurna e sezione conica"},"content":{"rendered":"\n<p>La linea diurna \u00e8 il percorso dell&#8217;estremit\u00e0 dell&#8217;ombra di uno stilo sul quadro di un orologio solare in un certo giorno dell&#8217;anno. Il moto dell&#8217;ombra \u00e8 dovuto al <a href=\"https:\/\/eratostene.vialattea.net\/wpe\/glossario\/moto-apparente-diurno\/\" data-type=\"page\" data-id=\"5459\">moto diurno apparente<\/a> del Sole. La forma e la posizione di una linea diurna sul quadro dipende da alcuni <em>parametri costanti<\/em> (la <a href=\"https:\/\/eratostene.vialattea.net\/wpe\/glossario\/latitudine-astronomica\/\" data-type=\"page\" data-id=\"507\">latitudine<\/a> del luogo e la disposizione del quadro rispetto ai <a href=\"https:\/\/eratostene.vialattea.net\/wpe\/argomenti\/sistemi-di-coordinate-astronomiche\/sistema-altazimutale\/\" data-type=\"page\" data-id=\"2201\">riferimenti altazimutali<\/a> e alla posizione dell&#8217;estremit\u00e0 dello stilo) e da un <em>parametro che cambia<\/em> di giorno in giorno: la <a href=\"https:\/\/eratostene.vialattea.net\/wpe\/glossario\/declinazione\/\" data-type=\"page\" data-id=\"997\">declinazione<\/a> del Sole. Dato che la variazione di declinazione segue un ciclo annuale, ciascuna linea diurna offre indicazioni di calendario. Tipicamente, su un quadro si disegnano solo alcune linee diurne notevoli: quelle dei solstizi e degli equinozi. <\/p>\n\n\n\n<p>Come esempio di analisi delle linee diurne, si discute qui il caso di un quadro orizzontale che \u00e8 il pi\u00f9 semplice.<\/p>\n\n\n\n<div class=\"wp-block-media-text alignwide is-stacked-on-mobile is-style-default\"><figure class=\"wp-block-media-text__media\"><a href=\"https:\/\/eratostene.vialattea.net\/wpe\/wp-content\/uploads\/2013\/03\/08coni1b.png\"><img loading=\"lazy\" decoding=\"async\" width=\"800\" height=\"600\" src=\"https:\/\/eratostene.vialattea.net\/wpe\/wp-content\/uploads\/2013\/03\/08coni1b.png\" alt=\"linea diurna\" class=\"wp-image-928 size-full\" srcset=\"https:\/\/eratostene.vialattea.net\/wpe\/wp-content\/uploads\/2013\/03\/08coni1b.png 800w, https:\/\/eratostene.vialattea.net\/wpe\/wp-content\/uploads\/2013\/03\/08coni1b-300x225.png 300w, https:\/\/eratostene.vialattea.net\/wpe\/wp-content\/uploads\/2013\/03\/08coni1b-768x576.png 768w\" sizes=\"auto, (max-width: 800px) 100vw, 800px\" \/><\/a><\/figure><div class=\"wp-block-media-text__content\">\n<p>La retta $SK$ del raggio di luce che congiunge il Sole con la punta $G$ dello stilo, e che interseca il piano di proiezione, si muove nel corso della giornata seguendo il moto diurno apparente del Sole lungo un <a href=\"https:\/\/eratostene.vialattea.net\/wpe\/glossario\/parallelo-celeste\/\" data-type=\"page\" data-id=\"568\">parallelo di declinazione<\/a>. In questo disegno \u00e8 rappresentato il Sole e il suo moto lungo un parallelo di declinazione positiva (potrebbe essere il solstizio di giugno). L&#8217;estremit\u00e0 dello gnomone $G$  \u00e8  &#8220;il perno&#8221; del movimento di questa retta, l&#8217;unico suo punto &#8220;immobile&#8221;. La retta genera una superficie conica la cui semiapertura \u00e8 pari al complemento della declinazione del Sole ($90^\\circ-\\delta$). Con <em>semiapertura<\/em> di una superficie conica intendo l&#8217;angolo compreso tra la retta generatrice e l&#8217;asse. Una superficie conica \u00e8 composta da due falde che si toccano al loro vertice (il punto $G$).<\/p>\n\n\n\n<p>Il moto diurno del punto $K$ sulla superficie del quadro disegna una linea diurna che \u00e8 l&#8217;intersezione del piano orizzontale con la superficie conica .<\/p>\n\n\n\n<p>L&#8217;intersezione tra la superficie conica e il piano di proiezione \u00e8 una curva chiamata appunto &#8220;conica&#8221; la cui specie dipende dall&#8217;inclinazione del piano rispetto all&#8217;asse. Generalmente \u00e8 un ramo di iperbole o un&#8217; <a href=\"https:\/\/eratostene.vialattea.net\/wpe\/argomenti\/geometria-utile\/lellisse\/\">ellisse<\/a> e, in casi limite, una parabola o un cerchio.<\/p>\n<\/div><\/div>\n\n\n\n<p>Dato che la declinazione del Sole varia nel corso dell&#8217;anno tra un massimo e un minimo (da $+23^\\circ 27&#8217;$ a $-23^\\circ 27&#8217;$), variano anche la forma e la disposizione della linea diurna. Agli equinozi accade un fatto notevole: la declinazione del Sole \u00e8 uguale a zero, di conseguenza l&#8217;apertura della superficie conica diventa $90^\\circ-\\delta=90^\\circ$ e il cono si appiattisce degenerando in un piano la cui intersezione con il quadro dell&#8217;orologio \u00e8 una retta. Perci\u00f2 agli equinozi la linea diurna \u00e8 una retta, chiamata <strong>retta equinoziale<\/strong>, che rappresenta l&#8217;intersezione tra il piano dell&#8217;<a href=\"https:\/\/eratostene.vialattea.net\/wpe\/glossario\/equatore-celeste\/\" data-type=\"page\" data-id=\"968\">equatore<\/a> e il piano del quadrante dell&#8217;orologio solare (linea colorata in rosso nel disegno). Il piccolo disco trasparente centrato in $G$&nbsp; rappresenta questa superficie conica degenerata in superficie piana. <\/p>\n\n\n\n<p>Analizziamo ora le specie di coniche  relative ad un istante notevole, il solstizio di giugno ($\\delta=23^\\circ 27&#8217;$). In questo caso la semiapertura della superficie conica \u00e8 pari a $90^\\circ-23^\\circ 27&#8217;=66^\\circ 33&#8217;$.  L&#8217;asse della superficie conica coincide con l&#8217;<a href=\"https:\/\/eratostene.vialattea.net\/wpe\/glossario\/asse-celeste\/\" data-type=\"page\" data-id=\"1047\">asse celeste<\/a> e quindi forma un angolo $\\varphi$ con il piano orizzontale pari alla<a href=\"https:\/\/eratostene.vialattea.net\/wpe\/glossario\/latitudine-astronomica\/\" data-type=\"page\" data-id=\"507\"> latitudine<\/a> (altezza del polo visibile). Analoghe osservazioni possono essere fatte per il solstizio di dicembre e per un orologio solare australe.<\/p>\n\n\n\n<div class=\"wp-block-media-text alignwide has-media-on-the-right is-stacked-on-mobile is-style-default\" style=\"grid-template-columns:auto 43%\"><figure class=\"wp-block-media-text__media\"><a href=\"https:\/\/eratostene.vialattea.net\/wpe\/wp-content\/uploads\/2013\/03\/conica-polo.png\"><img loading=\"lazy\" decoding=\"async\" width=\"800\" height=\"589\" src=\"https:\/\/eratostene.vialattea.net\/wpe\/wp-content\/uploads\/2013\/03\/conica-polo.png\" alt=\"coniche diurne\" class=\"wp-image-930 size-full\" srcset=\"https:\/\/eratostene.vialattea.net\/wpe\/wp-content\/uploads\/2013\/03\/conica-polo.png 800w, https:\/\/eratostene.vialattea.net\/wpe\/wp-content\/uploads\/2013\/03\/conica-polo-300x221.png 300w, https:\/\/eratostene.vialattea.net\/wpe\/wp-content\/uploads\/2013\/03\/conica-polo-768x565.png 768w\" sizes=\"auto, (max-width: 800px) 100vw, 800px\" \/><\/a><\/figure><div class=\"wp-block-media-text__content\">\n<p>Nel giorno del solstizio di giugno, un osservatore che si trovasse al polo nord assisterebbe allo speciale  moto diurno di un Sole che percorre un <a href=\"https:\/\/eratostene.vialattea.net\/wpe\/glossario\/parallelo-celeste\/\" data-type=\"page\" data-id=\"568\">parallelo di declinazione<\/a> pari a $23^\\circ 27&#8217;$. Dato che il piano dell&#8217;<a href=\"https:\/\/eratostene.vialattea.net\/wpe\/glossario\/equatore-celeste\/\" data-type=\"page\" data-id=\"968\">equatore<\/a> coincide con il piano dell&#8217;<a href=\"https:\/\/eratostene.vialattea.net\/wpe\/glossario\/orizzonte\/\" data-type=\"page\" data-id=\"3142\">orizzonte<\/a>, i paralleli di declinazione sono paralleli anche all&#8217;orizzonte.  Il Sole perci\u00f2 si muove per 24 ore attorno all&#8217;osservatore mantenendo un&#8217;<a href=\"https:\/\/eratostene.vialattea.net\/wpe\/glossario\/altezza\/\" data-type=\"page\" data-id=\"989\">altezza<\/a> pressoch\u00e9 costante <sup><a href=\"#nota1\" data-type=\"internal\" data-id=\"#nota1\">(1)<\/a><\/sup> di $23^\\circ 27&#8217;$. Il piano dell&#8217;orizzonte \u00e8 perpendicolare all&#8217;asse della superficie conica e quindi l&#8217;intersezione genera un cerchio. Tale \u00e8 la forma della linea diurna.<\/p>\n<\/div><\/div>\n\n\n\n<p><a href=\"https:\/\/eratostene.vialattea.net\/wpe\/wp-content\/uploads\/2013\/03\/conica-polo.png\"><\/a><\/p>\n\n\n\n<div class=\"wp-block-media-text alignwide is-stacked-on-mobile is-style-default\" style=\"grid-template-columns:44% auto\"><figure class=\"wp-block-media-text__media\"><a href=\"https:\/\/eratostene.vialattea.net\/wpe\/wp-content\/uploads\/2013\/03\/conica-circolopolare.png\"><img loading=\"lazy\" decoding=\"async\" width=\"800\" height=\"522\" src=\"https:\/\/eratostene.vialattea.net\/wpe\/wp-content\/uploads\/2013\/03\/conica-circolopolare.png\" alt=\"conica diurna al circolo polare\" class=\"wp-image-932 size-full\" srcset=\"https:\/\/eratostene.vialattea.net\/wpe\/wp-content\/uploads\/2013\/03\/conica-circolopolare.png 800w, https:\/\/eratostene.vialattea.net\/wpe\/wp-content\/uploads\/2013\/03\/conica-circolopolare-300x196.png 300w, https:\/\/eratostene.vialattea.net\/wpe\/wp-content\/uploads\/2013\/03\/conica-circolopolare-768x501.png 768w\" sizes=\"auto, (max-width: 800px) 100vw, 800px\" \/><\/a><\/figure><div class=\"wp-block-media-text__content\">\n<p>Alla latitudine $\\varphi&gt;90\u00b0-\\delta$, cio\u00e8 tra il polo nord e il circolo polare artico, l&#8217;osservatore vedrebbe il Sole mantenersi sempre sopra l&#8217;orizzonte durante le 24 ore, senza per\u00f2 mantenere la stessa altezza perch\u00e9 il <a href=\"https:\/\/eratostene.vialattea.net\/wpe\/glossario\/parallelo-celeste\/\" data-type=\"page\" data-id=\"568\">parallelo di declinazione<\/a> su cui corre non \u00e8 parallelo all&#8217;orizzonte. Ad ogni passaggio al <a href=\"https:\/\/eratostene.vialattea.net\/wpe\/glossario\/meridiano-superiore\/\" data-type=\"page\" data-id=\"1055\">meridiano superiore<\/a> il Sole raggiunge la massima <a href=\"https:\/\/eratostene.vialattea.net\/wpe\/glossario\/altezza\/\" data-type=\"page\" data-id=\"989\">altezza<\/a> e, dopo 12 ore, quando passa al <a href=\"https:\/\/eratostene.vialattea.net\/wpe\/glossario\/meridiano-inferiore\/\" data-type=\"page\" data-id=\"1056\">meridiano inferiore<\/a>, esso raggiunge la minima altezza. <\/p>\n<\/div><\/div>\n\n\n\n<div class=\"wp-block-media-text alignwide is-stacked-on-mobile\"><figure class=\"wp-block-media-text__media\"><a href=\"https:\/\/eratostene.vialattea.net\/wpe\/wp-content\/uploads\/2020\/12\/linea-diurna-ellisse.jpg\"><img loading=\"lazy\" decoding=\"async\" width=\"1000\" height=\"393\" src=\"https:\/\/eratostene.vialattea.net\/wpe\/wp-content\/uploads\/2020\/12\/linea-diurna-ellisse.jpg\" alt=\"\" class=\"wp-image-8889 size-full\" srcset=\"https:\/\/eratostene.vialattea.net\/wpe\/wp-content\/uploads\/2020\/12\/linea-diurna-ellisse.jpg 1000w, https:\/\/eratostene.vialattea.net\/wpe\/wp-content\/uploads\/2020\/12\/linea-diurna-ellisse-300x118.jpg 300w, https:\/\/eratostene.vialattea.net\/wpe\/wp-content\/uploads\/2020\/12\/linea-diurna-ellisse-768x302.jpg 768w\" sizes=\"auto, (max-width: 1000px) 100vw, 1000px\" \/><\/a><\/figure><div class=\"wp-block-media-text__content\">\n<p>Il piano dell&#8217;orizzonte forma con l&#8217;asse un angolo maggiore della semiapertura ma minore di $90^\\circ$. L&#8217;intersezione perci\u00f2 \u00e8 un&#8217;ellisse. Un orologio solare orizzontale posto entro il circolo polare artico, produce una linea diurna a forma di <a href=\"https:\/\/eratostene.vialattea.net\/wpe\/argomenti\/geometria-utile\/lellisse\/\" data-type=\"page\" data-id=\"5513\">ellisse<\/a> disposta con l&#8217;asse maggiore lungo la <a href=\"https:\/\/eratostene.vialattea.net\/wpe\/glossario\/linea-meridiana\/\">linea meridiana<\/a>. Ci\u00f2 accade quando il piano di sezione di un cono forma con l&#8217;asse un angolo <\/p>\n<\/div><\/div>\n\n\n\n<div class=\"wp-block-media-text alignwide has-media-on-the-right is-stacked-on-mobile is-style-default\" style=\"grid-template-columns:auto 41%\"><figure class=\"wp-block-media-text__media\"><a href=\"https:\/\/eratostene.vialattea.net\/wpe\/wp-content\/uploads\/2013\/03\/conica-parabola.png\"><img loading=\"lazy\" decoding=\"async\" width=\"800\" height=\"567\" src=\"https:\/\/eratostene.vialattea.net\/wpe\/wp-content\/uploads\/2013\/03\/conica-parabola.png\" alt=\"conica diurna parabolica\" class=\"wp-image-934 size-full\" srcset=\"https:\/\/eratostene.vialattea.net\/wpe\/wp-content\/uploads\/2013\/03\/conica-parabola.png 800w, https:\/\/eratostene.vialattea.net\/wpe\/wp-content\/uploads\/2013\/03\/conica-parabola-300x213.png 300w, https:\/\/eratostene.vialattea.net\/wpe\/wp-content\/uploads\/2013\/03\/conica-parabola-768x544.png 768w\" sizes=\"auto, (max-width: 800px) 100vw, 800px\" \/><\/a><\/figure><div class=\"wp-block-media-text__content\">\n<p>Lungo il circolo polare artico, la latitudine ha un valore particolare: $\\varphi=90^\\circ-\\delta$.  Alla mezzanotte solare del solstizio di giugno l&#8217;osservatore assiste al contatto del Sole con l&#8217;orizzonte nel punto cardinale nord alla mezzanotte solare. In quell&#8217;istante i raggi solari sono paralleli all&#8217;orizzonte. Al mezzogiorno solare invece il Sole raggiunge un punto di massima altezza $(h=2\\delta=46^\\circ54&#8242;)$.<\/p>\n<\/div><\/div>\n\n\n\n<div class=\"wp-block-media-text alignwide has-media-on-the-right is-stacked-on-mobile\"><figure class=\"wp-block-media-text__media\"><a href=\"https:\/\/eratostene.vialattea.net\/wpe\/wp-content\/uploads\/2020\/12\/linea-diurna-parabola.jpg\"><img loading=\"lazy\" decoding=\"async\" width=\"1000\" height=\"393\" src=\"https:\/\/eratostene.vialattea.net\/wpe\/wp-content\/uploads\/2020\/12\/linea-diurna-parabola.jpg\" alt=\"\" class=\"wp-image-8890 size-full\" srcset=\"https:\/\/eratostene.vialattea.net\/wpe\/wp-content\/uploads\/2020\/12\/linea-diurna-parabola.jpg 1000w, https:\/\/eratostene.vialattea.net\/wpe\/wp-content\/uploads\/2020\/12\/linea-diurna-parabola-300x118.jpg 300w, https:\/\/eratostene.vialattea.net\/wpe\/wp-content\/uploads\/2020\/12\/linea-diurna-parabola-768x302.jpg 768w\" sizes=\"auto, (max-width: 1000px) 100vw, 1000px\" \/><\/a><\/figure><div class=\"wp-block-media-text__content\">\n<p>L&#8217;intersezione di una superficie conica con un piano parallelo alla generatrice, \u00e8 una parabola. Un orologio solare in un punto del circolo polare artico al solstizio di giugno produce una linea diurna a forma di <strong>parabola<\/strong> aperta a sud.<\/p>\n<\/div><\/div>\n\n\n\n<div class=\"wp-block-media-text alignwide is-stacked-on-mobile\" style=\"grid-template-columns:41% auto\"><figure class=\"wp-block-media-text__media\"><a href=\"https:\/\/eratostene.vialattea.net\/wpe\/wp-content\/uploads\/2013\/03\/conica-iperbole2.png\"><img loading=\"lazy\" decoding=\"async\" width=\"800\" height=\"771\" src=\"https:\/\/eratostene.vialattea.net\/wpe\/wp-content\/uploads\/2013\/03\/conica-iperbole2.png\" alt=\"arco diurno iperbolico\" class=\"wp-image-936 size-full\" srcset=\"https:\/\/eratostene.vialattea.net\/wpe\/wp-content\/uploads\/2013\/03\/conica-iperbole2.png 800w, https:\/\/eratostene.vialattea.net\/wpe\/wp-content\/uploads\/2013\/03\/conica-iperbole2-300x289.png 300w, https:\/\/eratostene.vialattea.net\/wpe\/wp-content\/uploads\/2013\/03\/conica-iperbole2-768x740.png 768w\" sizes=\"auto, (max-width: 800px) 100vw, 800px\" \/><\/a><\/figure><div class=\"wp-block-media-text__content\">\n<p>Alle latitudini $\\phi&lt;90\u00b0-\\delta$ cio\u00e8 tra il circolo polare e l&#8217;equatore, il percorso diurno del Sole alterna un arco al di sopra dell&#8217;orizzonte (<a href=\"https:\/\/eratostene.vialattea.net\/wpe\/glossario\/arco-diurno\/\" data-type=\"page\" data-id=\"489\">arco diurno<\/a>) con un arco al di sotto di esso (<a href=\"https:\/\/eratostene.vialattea.net\/wpe\/glossario\/arco-diurno\/\" data-type=\"page\" data-id=\"489\">arco notturno<\/a>).<\/p>\n<\/div><\/div>\n\n\n\n<div class=\"wp-block-media-text alignwide is-stacked-on-mobile\"><figure class=\"wp-block-media-text__media\"><a href=\"https:\/\/eratostene.vialattea.net\/wpe\/wp-content\/uploads\/2020\/12\/linea-diurna-iperbole.jpg\"><img loading=\"lazy\" decoding=\"async\" width=\"1000\" height=\"393\" src=\"https:\/\/eratostene.vialattea.net\/wpe\/wp-content\/uploads\/2020\/12\/linea-diurna-iperbole.jpg\" alt=\"\" class=\"wp-image-8891 size-full\" srcset=\"https:\/\/eratostene.vialattea.net\/wpe\/wp-content\/uploads\/2020\/12\/linea-diurna-iperbole.jpg 1000w, https:\/\/eratostene.vialattea.net\/wpe\/wp-content\/uploads\/2020\/12\/linea-diurna-iperbole-300x118.jpg 300w, https:\/\/eratostene.vialattea.net\/wpe\/wp-content\/uploads\/2020\/12\/linea-diurna-iperbole-768x302.jpg 768w\" sizes=\"auto, (max-width: 1000px) 100vw, 1000px\" \/><\/a><\/figure><div class=\"wp-block-media-text__content\">\n<p>In questo caso l&#8217;intersezione \u00e8 un&#8217;iperbole: ci\u00f2 accade quando il piano forma con l&#8217;asse un angolo minore della semiapertura. Il ramo del solstizio di giungo \u00e8 aperto a sud e quello del solstizio di dicembre \u00e8 aperto a nord.<\/p>\n<\/div><\/div>\n\n\n\n<p>Esattamente all&#8217;equatore ($\\varphi=0$), quando l&#8217;asse terrestre \u00e8 parallela all&#8217;orizzonte, i due rami dell&#8217;iperbole, quello del solstizio di giugno e quello del solstizio di dicembre, sono <em>simmetrici anche rispetto alla linea est-ovest<\/em>.<\/p>\n\n\n\n<div class=\"wp-block-media-text alignwide is-stacked-on-mobile is-style-default\"><figure class=\"wp-block-media-text__media\"><a href=\"https:\/\/eratostene.vialattea.net\/wpe\/wp-content\/uploads\/2021\/06\/Shanku-Yantra.jpg\"><img loading=\"lazy\" decoding=\"async\" width=\"682\" height=\"453\" src=\"https:\/\/eratostene.vialattea.net\/wpe\/wp-content\/uploads\/2021\/06\/Shanku-Yantra.jpg\" alt=\"\" class=\"wp-image-13200 size-full\" srcset=\"https:\/\/eratostene.vialattea.net\/wpe\/wp-content\/uploads\/2021\/06\/Shanku-Yantra.jpg 682w, https:\/\/eratostene.vialattea.net\/wpe\/wp-content\/uploads\/2021\/06\/Shanku-Yantra-300x199.jpg 300w\" sizes=\"auto, (max-width: 682px) 100vw, 682px\" \/><\/a><\/figure><div class=\"wp-block-media-text__content\">\n<p>Uno strumento gnomonico indiano. Lo <strong>\u015ba\u1e45ku<\/strong>-yantra di Ujjain (India) \u00e8 una piattaforma circolare al centro della quale \u00e8 fissato uno gnomone verticale (<strong>\u015ba\u1e45ku \u0936\u0919\u094d\u0915\u0941<\/strong>). Sulla piattaforma sono disegnate 7 linee diurne.<\/p>\n<\/div><\/div>\n\n\n\n<p><a name=\"nota1\">Note<\/a><\/p>\n\n\n\n<hr class=\"wp-block-separator has-text-color has-vivid-red-color has-css-opacity has-vivid-red-background-color has-background is-style-wide\"\/>\n\n\n\n<p><strong>(1)<\/strong> Il Sole varia continuamente la sua declinazione per cui l&#8217;affermazione &#8220;il Sole percorre un parallelo di declinazione&#8221; \u00e8 vera solo in prima approssimazione. In realt\u00e0 esso si muove formando un specie di spirale ascendente o discendente rispetto al parallelo di declinazione. Nel corso di un giorno tale moto in declinazione \u00e8 molto piccolo rispetto al moto diurno apparente per cui, discutendo di orologi solari, pu\u00f2 essere generalmente trascurato.<\/p>\n\n\n\n<!-- Page-list plugin v.4.3 wordpress.org\/plugins\/page-list\/ -->\n<ul class=\"page-list siblings-page-list \">\n<li class=\"page_item page-item-5511\"><a href=\"https:\/\/eratostene.vialattea.net\/wpe\/argomenti\/terra-e-sole\/orbita-eclittica-equatore\/\">Orbita, eclittica, equatore<\/a><\/li>\n<li class=\"page_item page-item-603\"><a href=\"https:\/\/eratostene.vialattea.net\/wpe\/argomenti\/terra-e-sole\/zodiaco\/\">Lo zodiaco: segni e costellazioni<\/a><\/li>\n<li class=\"page_item page-item-3004\"><a href=\"https:\/\/eratostene.vialattea.net\/wpe\/argomenti\/terra-e-sole\/stagioni\/\">Stagioni<\/a><\/li>\n<li class=\"page_item page-item-875\"><a href=\"https:\/\/eratostene.vialattea.net\/wpe\/argomenti\/terra-e-sole\/punto-del-sorgere-e-punto-del-tramonto-del-sole\/\">Punto del sorgere e punto del tramonto del Sole<\/a><\/li>\n<li class=\"page_item page-item-878\"><a href=\"https:\/\/eratostene.vialattea.net\/wpe\/argomenti\/terra-e-sole\/fotografare-le-variazioni-di-amplitudine\/\">Fotografare le variazioni di amplitudine<\/a><\/li>\n<li class=\"page_item page-item-12314\"><a href=\"https:\/\/eratostene.vialattea.net\/wpe\/argomenti\/terra-e-sole\/le-ore-di-illuminazione\/\">Le ore di illuminazione<\/a><\/li>\n<li class=\"page_item page-item-937\"><a href=\"https:\/\/eratostene.vialattea.net\/wpe\/argomenti\/terra-e-sole\/linea-diurna\/\">Linea diurna e sezione conica<\/a><\/li>\n<li class=\"page_item page-item-3274\"><a href=\"https:\/\/eratostene.vialattea.net\/wpe\/argomenti\/terra-e-sole\/levata-eliaca\/\">Levata eliaca e tramonto eliaco<\/a><\/li>\n<li class=\"page_item page-item-511\"><a href=\"https:\/\/eratostene.vialattea.net\/wpe\/argomenti\/terra-e-sole\/passaggi-al-meridiano-e-culminazioni\/\">Passaggi al meridiano e culminazioni<\/a><\/li>\n<li class=\"page_item page-item-2334\"><a href=\"https:\/\/eratostene.vialattea.net\/wpe\/argomenti\/terra-e-sole\/movimento-apparente-delle-stelle-circumpolari\/\">Movimento apparente delle stelle circumpolari<\/a><\/li>\n<li class=\"page_item page-item-1184\"><a href=\"https:\/\/eratostene.vialattea.net\/wpe\/argomenti\/terra-e-sole\/moto-diretto-e-retrogrado-apparenti\/\">Moto diretto e retrogrado<\/a><\/li>\n<li class=\"page_item page-item-3604 page_item_has_children\"><a href=\"https:\/\/eratostene.vialattea.net\/wpe\/argomenti\/terra-e-sole\/le-oscillazioni-dellasse-terrestre\/\">Oscillazioni dell&#8217;asse terrestre<\/a>\n<ul class='children'>\n\t<li class=\"page_item page-item-1191\"><a href=\"https:\/\/eratostene.vialattea.net\/wpe\/argomenti\/terra-e-sole\/le-oscillazioni-dellasse-terrestre\/precessione\/\">Precessione degli equinozi<\/a><\/li>\n\t<li class=\"page_item page-item-1198\"><a href=\"https:\/\/eratostene.vialattea.net\/wpe\/argomenti\/terra-e-sole\/le-oscillazioni-dellasse-terrestre\/precessione-dell-equatore\/\">Precessione dell&#8217;equatore<\/a><\/li>\n\t<li class=\"page_item page-item-1201\"><a href=\"https:\/\/eratostene.vialattea.net\/wpe\/argomenti\/terra-e-sole\/le-oscillazioni-dellasse-terrestre\/nutazione\/\">Nutazione<\/a><\/li>\n\t<li class=\"page_item page-item-13012\"><a href=\"https:\/\/eratostene.vialattea.net\/wpe\/argomenti\/terra-e-sole\/le-oscillazioni-dellasse-terrestre\/trovare-la-precessione-nelle-mappe-antiche\/\">Trovare la precessione nelle mappe storiche<\/a><\/li>\n<\/ul>\n<\/li>\n<li class=\"page_item page-item-7269\"><a href=\"https:\/\/eratostene.vialattea.net\/wpe\/argomenti\/terra-e-sole\/aberrazione-della-luce\/\">Aberrazione della luce<\/a><\/li>\n<li class=\"page_item page-item-10499\"><a href=\"https:\/\/eratostene.vialattea.net\/wpe\/argomenti\/terra-e-sole\/la-teoria-solare-tolemaica\/\">La teoria solare tolemaica<\/a><\/li>\n\n<\/ul>\n","protected":false},"excerpt":{"rendered":"<p>La linea diurna \u00e8 il percorso dell&#8217;estremit\u00e0 dell&#8217;ombra di uno stilo sul quadro di un orologio solare in un certo giorno dell&#8217;anno. Il moto dell&#8217;ombra \u00e8 dovuto al moto diurno apparente del Sole. La forma e la posizione di una<\/p>\n","protected":false},"author":1,"featured_media":0,"parent":3802,"menu_order":80,"comment_status":"open","ping_status":"open","template":"","meta":{"_coblocks_attr":"","_coblocks_dimensions":"","_coblocks_responsive_height":"","_coblocks_accordion_ie_support":"","_uag_custom_page_level_css":"","footnotes":""},"class_list":["post-937","page","type-page","status-publish","hentry"],"uagb_featured_image_src":{"full":false,"thumbnail":false,"medium":false,"medium_large":false,"large":false,"1536x1536":false,"2048x2048":false,"featured-blog-large":false,"featured-blog-medium":false,"featured":false,"featured-blog-medium-small":false,"rpwe-thumbnail":false},"uagb_author_info":{"display_name":"adminwperatostene","author_link":"https:\/\/eratostene.vialattea.net\/wpe\/author\/adminwperatostene\/"},"uagb_comment_info":0,"uagb_excerpt":"La linea diurna \u00e8 il percorso dell&#8217;estremit\u00e0 dell&#8217;ombra di uno stilo sul quadro di un orologio solare in un certo giorno dell&#8217;anno. Il moto dell&#8217;ombra \u00e8 dovuto al moto diurno apparente del Sole. La forma e la posizione di una","_links":{"self":[{"href":"https:\/\/eratostene.vialattea.net\/wpe\/wp-json\/wp\/v2\/pages\/937","targetHints":{"allow":["GET"]}}],"collection":[{"href":"https:\/\/eratostene.vialattea.net\/wpe\/wp-json\/wp\/v2\/pages"}],"about":[{"href":"https:\/\/eratostene.vialattea.net\/wpe\/wp-json\/wp\/v2\/types\/page"}],"author":[{"embeddable":true,"href":"https:\/\/eratostene.vialattea.net\/wpe\/wp-json\/wp\/v2\/users\/1"}],"replies":[{"embeddable":true,"href":"https:\/\/eratostene.vialattea.net\/wpe\/wp-json\/wp\/v2\/comments?post=937"}],"version-history":[{"count":39,"href":"https:\/\/eratostene.vialattea.net\/wpe\/wp-json\/wp\/v2\/pages\/937\/revisions"}],"predecessor-version":[{"id":13509,"href":"https:\/\/eratostene.vialattea.net\/wpe\/wp-json\/wp\/v2\/pages\/937\/revisions\/13509"}],"up":[{"embeddable":true,"href":"https:\/\/eratostene.vialattea.net\/wpe\/wp-json\/wp\/v2\/pages\/3802"}],"wp:attachment":[{"href":"https:\/\/eratostene.vialattea.net\/wpe\/wp-json\/wp\/v2\/media?parent=937"}],"curies":[{"name":"wp","href":"https:\/\/api.w.org\/{rel}","templated":true}]}}